{"id":93,"date":"2015-07-14T09:48:41","date_gmt":"2015-07-14T09:48:41","guid":{"rendered":"http:\/\/euromin.de\/?page_id=93"},"modified":"2015-07-19T19:12:42","modified_gmt":"2015-07-19T19:12:42","slug":"home","status":"publish","type":"page","link":"https:\/\/euromin.de\/","title":{"rendered":"Home"},"content":{"rendered":"<p><span style=\"color: #ffffff;\">Die internationale Mineralien- und Schmuckmesse in L\u00f6rrach &#8211; im Herzen Europas<\/span><\/p>\n<p>&nbsp;<\/p>\n<p>&nbsp;<\/p>\n<p>&nbsp;<\/p>\n<p><span style=\"color: #ffffff;\">Mineralienmesse Mineralienb\u00f6rse Basel Hamburg M\u00fcnchen Stuttgart Schweiz Frankreich Deutschland Mineralien Schmuckmesse Schmuck Fossilienmesse Fossilien Lapis Edelsteine Edelsteinmesse Ausstellung Mineraliensammlung Mineralienbestimmung Mineraliensammlung Messestand 2016 2015 2014 2013 2017 Z\u00fcrich Bern\u00a0<\/span><\/p>\n","protected":false},"excerpt":{"rendered":"<p>Die internationale Mineralien- und Schmuckmesse in L\u00f6rrach &#8211; im Herzen Europas &nbsp; &nbsp; &nbsp; Mineralienmesse Mineralienb\u00f6rse Basel Hamburg M\u00fcnchen Stuttgart Schweiz Frankreich Deutschland Mineralien Schmuckmesse Schmuck Fossilienmesse Fossilien Lapis Edelsteine Edelsteinmesse Ausstellung Mineraliensammlung Mineralienbestimmung Mineraliensammlung Messestand 2016 2015 2014 2013<\/p>\n","protected":false},"author":1,"featured_media":0,"parent":0,"menu_order":0,"comment_status":"open","ping_status":"open","template":"page-templates\/business.php","meta":[],"_links":{"self":[{"href":"https:\/\/euromin.de\/index.php?rest_route=\/wp\/v2\/pages\/93"}],"collection":[{"href":"https:\/\/euromin.de\/index.php?rest_route=\/wp\/v2\/pages"}],"about":[{"href":"https:\/\/euromin.de\/index.php?rest_route=\/wp\/v2\/types\/page"}],"author":[{"embeddable":true,"href":"https:\/\/euromin.de\/index.php?rest_route=\/wp\/v2\/users\/1"}],"replies":[{"embeddable":true,"href":"https:\/\/euromin.de\/index.php?rest_route=%2Fwp%2Fv2%2Fcomments&post=93"}],"version-history":[{"count":5,"href":"https:\/\/euromin.de\/index.php?rest_route=\/wp\/v2\/pages\/93\/revisions"}],"predecessor-version":[{"id":294,"href":"https:\/\/euromin.de\/index.php?rest_route=\/wp\/v2\/pages\/93\/revisions\/294"}],"wp:attachment":[{"href":"https:\/\/euromin.de\/index.php?rest_route=%2Fwp%2Fv2%2Fmedia&parent=93"}],"curies":[{"name":"wp","href":"https:\/\/api.w.org\/{rel}","templated":true}]}}