{"id":8,"date":"2015-07-12T16:18:25","date_gmt":"2015-07-12T16:18:25","guid":{"rendered":"http:\/\/euromin.de\/?page_id=8"},"modified":"2015-07-14T19:39:07","modified_gmt":"2015-07-14T19:39:07","slug":"rueckblick","status":"publish","type":"page","link":"https:\/\/euromin.de\/?page_id=8","title":{"rendered":"Galerie"},"content":{"rendered":"<p style=\"text-align: justify;\">Gehen Sie gemeinsam mit uns auf eine Mineralien- und Schmuckreise. Gewinnen Sie vielf\u00e4ltige Eindr\u00fccke aus den Messevorjahren: Lassen Sie sich inspirieren von einzigartigen Naturph\u00e4nomenen, glanzvollen Schmuckst\u00fccken und Sonderausstellungen.<\/p>\n","protected":false},"excerpt":{"rendered":"<p>Gehen Sie gemeinsam mit uns auf eine Mineralien- und Schmuckreise. Gewinnen Sie vielf\u00e4ltige Eindr\u00fccke aus den Messevorjahren: Lassen Sie sich inspirieren von einzigartigen Naturph\u00e4nomenen, glanzvollen Schmuckst\u00fccken und Sonderausstellungen.<\/p>\n","protected":false},"author":1,"featured_media":100,"parent":0,"menu_order":3,"comment_status":"open","ping_status":"open","template":"","meta":[],"_links":{"self":[{"href":"https:\/\/euromin.de\/index.php?rest_route=\/wp\/v2\/pages\/8"}],"collection":[{"href":"https:\/\/euromin.de\/index.php?rest_route=\/wp\/v2\/pages"}],"about":[{"href":"https:\/\/euromin.de\/index.php?rest_route=\/wp\/v2\/types\/page"}],"author":[{"embeddable":true,"href":"https:\/\/euromin.de\/index.php?rest_route=\/wp\/v2\/users\/1"}],"replies":[{"embeddable":true,"href":"https:\/\/euromin.de\/index.php?rest_route=%2Fwp%2Fv2%2Fcomments&post=8"}],"version-history":[{"count":9,"href":"https:\/\/euromin.de\/index.php?rest_route=\/wp\/v2\/pages\/8\/revisions"}],"predecessor-version":[{"id":223,"href":"https:\/\/euromin.de\/index.php?rest_route=\/wp\/v2\/pages\/8\/revisions\/223"}],"wp:featuredmedia":[{"embeddable":true,"href":"https:\/\/euromin.de\/index.php?rest_route=\/wp\/v2\/media\/100"}],"wp:attachment":[{"href":"https:\/\/euromin.de\/index.php?rest_route=%2Fwp%2Fv2%2Fmedia&parent=8"}],"curies":[{"name":"wp","href":"https:\/\/api.w.org\/{rel}","templated":true}]}}