{"id":6,"date":"2015-07-12T16:17:10","date_gmt":"2015-07-12T16:17:10","guid":{"rendered":"http:\/\/euromin.de\/?page_id=6"},"modified":"2015-07-14T19:35:41","modified_gmt":"2015-07-14T19:35:41","slug":"besucher","status":"publish","type":"page","link":"https:\/\/euromin.de\/?page_id=6","title":{"rendered":"Besucher"},"content":{"rendered":"<p style=\"text-align: justify;\">Die Euromin ist eine stetig wachsende, internationale Messe f\u00fcr Edelsteine, Schmuck und Mineralien. Verbringen Sie gemeinsam mit uns ein aufregendes Wochenende und tauchen Sie ein in die faszinierende Welt der Mineralien. Wir freuen uns, Sie als Besucher begr\u00fc\u00dfen zu d\u00fcrfen.<\/p>\n<p style=\"text-align: justify;\">Auf der Mineralien- und Schmuckmesse in L\u00f6rrach gibt es viel zu entdecken: Bis zu 160 internationale Aussteller bieten Ihnen ein beeindruckendes Angebot an Mineralien, Rohsteinen, Edelsteinen, Kristallen, Schmuck, Heilsteinen sowie Fossilien. Genie\u00dfen Sie diese unglaublichen Wunder der Natur und bestaunen Sie die eindrucksvolle Vielfalt in Ihrer Einzigartigkeit und Farbenpracht.<\/p>\n<p>&nbsp;<\/p>\n<p><span style=\"text-decoration: underline;\"><span style=\"font-size: 1.6em;\"> <strong>Die Mineralien- und Schmuckmesse im \u00dcberblick <\/strong><\/span><\/span><\/p>\n<blockquote>\n<ul>\n<li><a href=\"http:\/\/euromin.de\/wp-content\/uploads\/2015\/07\/disabled.png\"><img loading=\"lazy\" class=\"alignnone size-full wp-image-111\" src=\"http:\/\/euromin.de\/wp-content\/uploads\/2015\/07\/disabled.png\" alt=\"disabled\" width=\"32\" height=\"32\" \/><\/a> behindertengerechten Zugang auf dem gesamten Gel\u00e4nde<\/li>\n<li><a href=\"http:\/\/euromin.de\/wp-content\/uploads\/2015\/07\/parking.png\"><img loading=\"lazy\" class=\"alignnone size-full wp-image-117\" src=\"http:\/\/euromin.de\/wp-content\/uploads\/2015\/07\/parking.png\" alt=\"parking\" width=\"32\" height=\"32\" \/><\/a> g\u00fcnstige Parkm\u00f6glichkeiten direkt auf dem Messegel\u00e4nde (\u20ac 1,50\/Tag)<\/li>\n<li><a href=\"http:\/\/euromin.de\/wp-content\/uploads\/2015\/07\/lupe.png\"><img loading=\"lazy\" class=\"alignnone size-full wp-image-55\" src=\"http:\/\/euromin.de\/wp-content\/uploads\/2015\/07\/lupe.png\" alt=\"lupe\" width=\"32\" height=\"32\" \/><\/a> Bestimmungsstand f\u00fcr Ihre unbekannten Mineralien und Steine<\/li>\n<li><a href=\"http:\/\/euromin.de\/wp-content\/uploads\/2015\/07\/food.png\"><img loading=\"lazy\" class=\"alignnone size-full wp-image-56\" src=\"http:\/\/euromin.de\/wp-content\/uploads\/2015\/07\/food.png\" alt=\"food\" width=\"32\" height=\"32\" \/><\/a> reichhaltiges Essensangebot mit warmen und kalten Speisen<\/li>\n<li><a href=\"http:\/\/euromin.de\/wp-content\/uploads\/2015\/07\/cocktail.png\"><img loading=\"lazy\" class=\"alignnone size-full wp-image-112\" src=\"http:\/\/euromin.de\/wp-content\/uploads\/2015\/07\/cocktail.png\" alt=\"cocktail\" width=\"32\" height=\"32\" \/><\/a> Cocktail-, Wein- und Sektbar<\/li>\n<li><a href=\"http:\/\/euromin.de\/wp-content\/uploads\/2015\/07\/coffee.png\"><img loading=\"lazy\" class=\"alignnone size-full wp-image-118\" src=\"http:\/\/euromin.de\/wp-content\/uploads\/2015\/07\/coffee.png\" alt=\"coffee\" width=\"32\" height=\"32\" \/><\/a> ausgew\u00e4hlte Kaffee- und Kuchenspezialit\u00e4ten<\/li>\n<li><a href=\"http:\/\/euromin.de\/wp-content\/uploads\/2015\/07\/child.png\"><img loading=\"lazy\" class=\"alignnone size-full wp-image-113\" src=\"http:\/\/euromin.de\/wp-content\/uploads\/2015\/07\/child.png\" alt=\"child\" width=\"32\" height=\"32\" \/><\/a> Goldw\u00e4sche, Specksteinschnitzen, Kinderbetreuung<\/li>\n<li>\u00a0\u00a0\u00a0\u00a0\u00a0\u00a0\u00a0\u00a0 &#8230; und vieles mehr<\/li>\n<\/ul>\n<\/blockquote>\n<hr \/>\n<p>&nbsp;<\/p>\n<p><span style=\"text-decoration: underline;\"><span style=\"font-size: 1.6em;\"> <strong>Essen &amp; Trinken <\/strong><\/span><\/span><\/p>\n<p style=\"text-align: justify;\">F\u00fcr Ihr leibliches Wohl ist bestens gesorgt. Wir arbeiten stets mit kompetenten Partnern aus der regionalen Gastronomie zusammen, die f\u00fcr ein qualitativ hochwertiges und abwechslungsreiches Angebot an Speisen und Getr\u00e4nken bekannt sind. Entspannen Sie bei einem gem\u00fctlichen Mittagessen, einer Tasse Kaffee oder einem St\u00fcck Kuchen.<\/p>\n<hr \/>\n<p>&nbsp;<\/p>\n<p><span style=\"text-decoration: underline;\"><span style=\"font-size: 1.6em;\"> <strong>Kinderprogramm<\/strong><\/span><\/span><\/p>\n<p>Auch f\u00fcr unsere kleinen Besucher haben wir ein <a href=\"http:\/\/euromin.de\/?page_id=32\">spannendes Rahmenprogramm mit vielen Aktivit\u00e4ten<\/a> und abwechslungsreichen Aktionen vorbereitet.<\/p>\n<hr \/>\n<p>&nbsp;<\/p>\n<p>&nbsp;<\/p>\n<p><span style=\"text-decoration: underline;\"><span style=\"font-size: 1.6em;\"><strong>Mineralienbestimmung <\/strong><\/span><\/span><\/p>\n<p>Sie haben Mineralien und Steine zu Hause, bei denen Sie nicht genau wissen, um welche Art bzw. welchen Typus es sich genau handelt? Dann bringen Sie Ihre Lieblingsst\u00fccke mit zur Euromin. Vor Ort besteht die M\u00f6glichkeit, unbekannte Mineralien und Steine von einem professionellen Mitarbeiter bestimmen und deren Wert sch\u00e4tzen zu lassen.<\/p>\n<p>&nbsp;<\/p>\n<p><span style=\"text-decoration: underline;\"><span style=\"font-size: 1.6em;\"><strong>Eintrittspreise <\/strong><\/span><\/span><\/p>\n<p>Die Eintrittspreise f\u00fcr die kommende Euromin Mineralien- und Schmuckmesse <a href=\"http:\/\/euromin.de\/?page_id=26\">finden Sie hier<\/a>.<\/p>\n<hr \/>\n<p>&nbsp;<\/p>\n<p><span style=\"text-decoration: underline;\"><span style=\"font-size: 1.6em;\"><strong>Anfahrt <\/strong><\/span><\/span><\/p>\n<p>F\u00fcr detaillierte Anfahrtsbeschreibungen f\u00fcr PKW und mit den \u00f6ffentlichen (Nah-)Verkehrsmitteln <a href=\"http:\/\/euromin.de\/?page_id=29\">finden Sie hier<\/a>.<\/p>\n<p>&nbsp;<\/p>\n","protected":false},"excerpt":{"rendered":"<p>Die Euromin ist eine stetig wachsende, internationale Messe f\u00fcr Edelsteine, Schmuck und Mineralien. Verbringen Sie gemeinsam mit uns ein aufregendes Wochenende und tauchen Sie ein in die faszinierende Welt der Mineralien. Wir freuen uns, Sie als Besucher begr\u00fc\u00dfen zu d\u00fcrfen.<\/p>\n","protected":false},"author":1,"featured_media":97,"parent":0,"menu_order":2,"comment_status":"open","ping_status":"open","template":"","meta":[],"_links":{"self":[{"href":"https:\/\/euromin.de\/index.php?rest_route=\/wp\/v2\/pages\/6"}],"collection":[{"href":"https:\/\/euromin.de\/index.php?rest_route=\/wp\/v2\/pages"}],"about":[{"href":"https:\/\/euromin.de\/index.php?rest_route=\/wp\/v2\/types\/page"}],"author":[{"embeddable":true,"href":"https:\/\/euromin.de\/index.php?rest_route=\/wp\/v2\/users\/1"}],"replies":[{"embeddable":true,"href":"https:\/\/euromin.de\/index.php?rest_route=%2Fwp%2Fv2%2Fcomments&post=6"}],"version-history":[{"count":26,"href":"https:\/\/euromin.de\/index.php?rest_route=\/wp\/v2\/pages\/6\/revisions"}],"predecessor-version":[{"id":221,"href":"https:\/\/euromin.de\/index.php?rest_route=\/wp\/v2\/pages\/6\/revisions\/221"}],"wp:featuredmedia":[{"embeddable":true,"href":"https:\/\/euromin.de\/index.php?rest_route=\/wp\/v2\/media\/97"}],"wp:attachment":[{"href":"https:\/\/euromin.de\/index.php?rest_route=%2Fwp%2Fv2%2Fmedia&parent=6"}],"curies":[{"name":"wp","href":"https:\/\/api.w.org\/{rel}","templated":true}]}}