{"id":29,"date":"2015-07-12T16:51:18","date_gmt":"2015-07-12T16:51:18","guid":{"rendered":"http:\/\/euromin.de\/?page_id=29"},"modified":"2019-02-06T20:05:20","modified_gmt":"2019-02-06T20:05:20","slug":"besucherfeedback","status":"publish","type":"page","link":"https:\/\/euromin.de\/?page_id=29","title":{"rendered":"Anfahrt"},"content":{"rendered":"<p><span style=\"text-decoration: underline;\"><strong>Anreise mit dem \u00f6ffentlichen Nahverkehr:<\/strong><\/span><\/p>\n<p><a href=\"http:\/\/reiseauskunft.bahn.de\/bin\/query.exe\/d?Z=Beim%20Haagensteg%205%2C%2079541%20L%F6rrach&amp;ZADR=1&amp;dbkanal_004=L01_S01_D001_KPK0002_www-euromin-de_LZ03\" target=\"_blank\" rel=\"noopener\"><img loading=\"lazy\" class=\"alignnone wp-image-172\" src=\"http:\/\/euromin.de\/wp-content\/uploads\/2015\/07\/ab_link-de__logo_10-tprint-de.png\" alt=\"ab_link-de__logo_10-tprint-de\" width=\"207\" height=\"69\" \/><\/a><\/p>\n<p><img loading=\"lazy\" class=\"alignnone wp-image-346 \" src=\"http:\/\/euromin.de\/wp-content\/uploads\/2015\/07\/RVL_Logo_NEU_CMYK.jpg\" alt=\"\" width=\"221\" height=\"82\" \/><\/p>\n<p><span style=\"text-decoration: underline;\"><strong>Hinweis:<\/strong><\/span> In Kooperation mit dem <a href=\"http:\/\/www.rvl-online.de\" target=\"_blank\" rel=\"noopener\">RVL<\/a> bieten wir Ihnen ein Kombiticket f\u00fcr den Besuch der Messe inklusive der Nutzung der \u00f6ffentlichen Verkehrsmittel in L\u00f6rrach.<\/p>\n<h3><a href=\"http:\/\/euromin.de\/wp-content\/uploads\/2019\/02\/flyer_Euromin_RVL_2019-PDF.pdf\" target=\"_blank\" rel=\"noopener\">Flyer zum Dowload<\/a><\/h3>\n<p><span style=\"text-decoration: underline;\"><strong>Adresse f\u00fcr die Anreise mit Auto:<\/strong><\/span><\/p>\n<p>Euromin Messegel\u00e4nde<\/p>\n<p>Beim Haagensteg 5<\/p>\n<p>79541 L\u00f6rrach<\/p>\n<p><span style=\"text-decoration: underline;\"><strong>Hinweis:<\/strong><\/span> G\u00fcnstige Parkm\u00f6glichkeiten finden Sie direkt auf dem Messegel\u00e4nde (\u20ac 1,50\/Tag)<\/p>\n<p><em>Berechnen Sie Ihre individuelle Reiseroute:<\/em><\/p>\n<p><code><div id=\"flxmap-69ff3950ed56d\" class='flxmap-container' data-flxmap='flxmap_69ff3950ed56d' style=\"width:100%;height:400px;\"><\/div>\n<div id='flxmap-69ff3950ed56d-dir' class='flxmap-directions'><\/div>\n<script data-noptimize=\"1\">\n\/* <![CDATA[ *\/\n(function(w, fn) {\n if (w.addEventListener) w.addEventListener(\"DOMContentLoaded\", fn, false);\n else if (w.attachEvent) w.attachEvent(\"onload\", fn);\n})(window, function() {\n var f = new FlexibleMap();\n f.markerDirectionsDiv = \"flxmap-69ff3950ed56d-dir\";\n f.markerDirectionsShow = true;\n f.markerDirectionsDefault = \"Basel\";\n f.region = \"DE\";\n f.setlocale(\"de-DE\");\n f.showAddress(\"flxmap-69ff3950ed56d\", \"Beim Haagensteg 5 79541 L\u00f6rrach\");\n window.flxmap_69ff3950ed56d = f;\n});\n\/* ]]> *\/\n<\/script>\n<\/code><\/p>\n<p>F\u00fcr eine Vogelperspektive vom Messegel\u00e4nde <a href=\"http:\/\/binged.it\/1RwDEn3\" target=\"_blank\" rel=\"noopener\">hier klicken<\/a><\/p>\n","protected":false},"excerpt":{"rendered":"<p>Anreise mit dem \u00f6ffentlichen Nahverkehr: Hinweis: In Kooperation mit dem RVL bieten wir Ihnen ein Kombiticket f\u00fcr den Besuch der Messe inklusive der Nutzung der \u00f6ffentlichen Verkehrsmittel in L\u00f6rrach. Flyer zum Dowload Adresse f\u00fcr die Anreise mit Auto: Euromin Messegel\u00e4nde<\/p>\n","protected":false},"author":1,"featured_media":0,"parent":6,"menu_order":4,"comment_status":"closed","ping_status":"closed","template":"","meta":[],"_links":{"self":[{"href":"https:\/\/euromin.de\/index.php?rest_route=\/wp\/v2\/pages\/29"}],"collection":[{"href":"https:\/\/euromin.de\/index.php?rest_route=\/wp\/v2\/pages"}],"about":[{"href":"https:\/\/euromin.de\/index.php?rest_route=\/wp\/v2\/types\/page"}],"author":[{"embeddable":true,"href":"https:\/\/euromin.de\/index.php?rest_route=\/wp\/v2\/users\/1"}],"replies":[{"embeddable":true,"href":"https:\/\/euromin.de\/index.php?rest_route=%2Fwp%2Fv2%2Fcomments&post=29"}],"version-history":[{"count":25,"href":"https:\/\/euromin.de\/index.php?rest_route=\/wp\/v2\/pages\/29\/revisions"}],"predecessor-version":[{"id":638,"href":"https:\/\/euromin.de\/index.php?rest_route=\/wp\/v2\/pages\/29\/revisions\/638"}],"up":[{"embeddable":true,"href":"https:\/\/euromin.de\/index.php?rest_route=\/wp\/v2\/pages\/6"}],"wp:attachment":[{"href":"https:\/\/euromin.de\/index.php?rest_route=%2Fwp%2Fv2%2Fmedia&parent=29"}],"curies":[{"name":"wp","href":"https:\/\/api.w.org\/{rel}","templated":true}]}}