{"id":26,"date":"2015-07-12T16:49:25","date_gmt":"2015-07-12T16:49:25","guid":{"rendered":"http:\/\/euromin.de\/?page_id=26"},"modified":"2019-02-06T20:04:28","modified_gmt":"2019-02-06T20:04:28","slug":"eintrittspreise","status":"publish","type":"page","link":"https:\/\/euromin.de\/?page_id=26","title":{"rendered":"Eintrittspreise"},"content":{"rendered":"<p><strong>Tickets sind an der Tageskasse erh\u00e4ltlich<br \/>\n<\/strong><\/p>\n<hr \/>\n<ul>\n<li>Kinder bis 6 Jahre: <strong>Eintritt frei <a href=\"http:\/\/euromin.de\/wp-content\/uploads\/2015\/07\/eintritt.jpg\"><img loading=\"lazy\" class=\" size-full wp-image-278 alignright\" src=\"http:\/\/euromin.de\/wp-content\/uploads\/2015\/07\/eintritt.jpg\" alt=\"eintritt\" width=\"150\" height=\"126\" \/><\/a><br \/>\n<\/strong><\/li>\n<li>Erwachsene: <strong>6,00 \u20ac<\/strong><\/li>\n<li>Erwachsene mit Gutschein\/Flyer: <strong>5,00 \u20ac<\/strong><\/li>\n<li>Erm\u00e4ssigte (Senioren, Studenten, Kinder ab 6 Jahren): <strong>4,00 \u20ac<\/strong><\/li>\n<li>Familie (=2 Erwachsene, 2 Kinder): <strong>12,00 \u20ac<\/strong><br \/>\n<em>jedes weitere Kind <strong>4,00 \u20ac<\/strong><\/em><\/li>\n<\/ul>\n<h3><a href=\"http:\/\/euromin.de\/wp-content\/uploads\/2019\/02\/flyer_Euromin_RVL_2019-PDF.pdf\" target=\"_blank\" rel=\"noopener\">Flyer zum Dowload<\/a><\/h3>\n<p><strong>Service f\u00fcr Besucher<br \/>\n<\/strong><\/p>\n<hr \/>\n<p><a href=\"http:\/\/euromin.de\/wp-content\/uploads\/2015\/07\/ec.jpg\"><img loading=\"lazy\" class=\" size-full wp-image-280 alignright\" src=\"http:\/\/euromin.de\/wp-content\/uploads\/2015\/07\/ec.jpg\" alt=\"ec\" width=\"168\" height=\"112\" \/><\/a>Am Informationsschalter gibt es f\u00fcr Sie die M\u00f6glichkeit, mit VISA und MasterCard Geld abzuheben.<\/p>\n<p>Hinweis f\u00fcr unsere Besucher: aus technischen Gr\u00fcnden ist eine Bargeldabhebung mit EC-Karten leider nicht m\u00f6glich. Bitte bedenken Sie dies vor dem Messebesuch.<\/p>\n<p><span style=\"text-decoration: underline;\">Hinweis f\u00fcr unsere Besucher aus der Schweiz:<\/span> Ein Umtauschservice f\u00fcr Schweizer Franken wird es aus logistischen Gr\u00fcnden in diesem Jahr leider <span style=\"text-decoration: underline;\"><strong>nicht<\/strong><\/span> geben.<\/p>\n","protected":false},"excerpt":{"rendered":"<p>Tickets sind an der Tageskasse erh\u00e4ltlich Kinder bis 6 Jahre: Eintritt frei Erwachsene: 6,00 \u20ac Erwachsene mit Gutschein\/Flyer: 5,00 \u20ac Erm\u00e4ssigte (Senioren, Studenten, Kinder ab 6 Jahren): 4,00 \u20ac Familie (=2 Erwachsene, 2 Kinder): 12,00 \u20ac jedes weitere Kind 4,00<\/p>\n","protected":false},"author":1,"featured_media":0,"parent":6,"menu_order":3,"comment_status":"closed","ping_status":"closed","template":"","meta":[],"_links":{"self":[{"href":"https:\/\/euromin.de\/index.php?rest_route=\/wp\/v2\/pages\/26"}],"collection":[{"href":"https:\/\/euromin.de\/index.php?rest_route=\/wp\/v2\/pages"}],"about":[{"href":"https:\/\/euromin.de\/index.php?rest_route=\/wp\/v2\/types\/page"}],"author":[{"embeddable":true,"href":"https:\/\/euromin.de\/index.php?rest_route=\/wp\/v2\/users\/1"}],"replies":[{"embeddable":true,"href":"https:\/\/euromin.de\/index.php?rest_route=%2Fwp%2Fv2%2Fcomments&post=26"}],"version-history":[{"count":14,"href":"https:\/\/euromin.de\/index.php?rest_route=\/wp\/v2\/pages\/26\/revisions"}],"predecessor-version":[{"id":637,"href":"https:\/\/euromin.de\/index.php?rest_route=\/wp\/v2\/pages\/26\/revisions\/637"}],"up":[{"embeddable":true,"href":"https:\/\/euromin.de\/index.php?rest_route=\/wp\/v2\/pages\/6"}],"wp:attachment":[{"href":"https:\/\/euromin.de\/index.php?rest_route=%2Fwp%2Fv2%2Fmedia&parent=26"}],"curies":[{"name":"wp","href":"https:\/\/api.w.org\/{rel}","templated":true}]}}