{"id":204,"date":"2015-07-14T16:52:31","date_gmt":"2015-07-14T16:52:31","guid":{"rendered":"http:\/\/euromin.de\/?page_id=204"},"modified":"2017-02-23T14:16:35","modified_gmt":"2017-02-23T14:16:35","slug":"essen-trinken","status":"publish","type":"page","link":"https:\/\/euromin.de\/?page_id=204","title":{"rendered":"Essen &#038; Trinken"},"content":{"rendered":"<p style=\"text-align: justify;\"><a href=\"http:\/\/euromin.de\/wp-content\/uploads\/2015\/07\/catering.jpg\"><img loading=\"lazy\" class=\" size-full wp-image-275 alignright\" src=\"http:\/\/euromin.de\/wp-content\/uploads\/2015\/07\/catering.jpg\" alt=\"catering\" width=\"168\" height=\"113\" \/><\/a>F\u00fcr Ihr leibliches Wohl ist bestens gesorgt. Wir arbeiten stets mit kompetenten Partnern aus der regionalen Gastronomie zusammen, die f\u00fcr ein qualitativ hochwertiges und abwechslungsreiches Angebot an Speisen und Getr\u00e4nken bekannt sind. Entspannen Sie bei einem gem\u00fctlichen Mittagessen, einer Tasse Kaffee oder einem St\u00fcck Kuchen.<\/p>\n<p style=\"text-align: center;\"><br class=\"\u201cclear\u201c\" \/><strong>Speise- und Getr\u00e4nkekarte 2017<br \/>\n<\/strong><\/p>\n<p style=\"text-align: center;\"><img loading=\"lazy\" class=\"alignnone  wp-image-545\" src=\"http:\/\/euromin.de\/wp-content\/uploads\/2015\/07\/Bildschirmfoto-2017-02-23-um-15.15.11.png\" alt=\"\" width=\"683\" height=\"456\" srcset=\"https:\/\/euromin.de\/wp-content\/uploads\/2015\/07\/Bildschirmfoto-2017-02-23-um-15.15.11.png 1200w, https:\/\/euromin.de\/wp-content\/uploads\/2015\/07\/Bildschirmfoto-2017-02-23-um-15.15.11-300x201.png 300w, https:\/\/euromin.de\/wp-content\/uploads\/2015\/07\/Bildschirmfoto-2017-02-23-um-15.15.11-768x513.png 768w, https:\/\/euromin.de\/wp-content\/uploads\/2015\/07\/Bildschirmfoto-2017-02-23-um-15.15.11-1024x684.png 1024w\" sizes=\"(max-width: 683px) 100vw, 683px\" \/><\/p>\n<p style=\"text-align: justify;\">\n","protected":false},"excerpt":{"rendered":"<p>F\u00fcr Ihr leibliches Wohl ist bestens gesorgt. Wir arbeiten stets mit kompetenten Partnern aus der regionalen Gastronomie zusammen, die f\u00fcr ein qualitativ hochwertiges und abwechslungsreiches Angebot an Speisen und Getr\u00e4nken bekannt sind. Entspannen Sie bei einem gem\u00fctlichen Mittagessen, einer Tasse<\/p>\n","protected":false},"author":1,"featured_media":0,"parent":6,"menu_order":1,"comment_status":"closed","ping_status":"closed","template":"","meta":[],"_links":{"self":[{"href":"https:\/\/euromin.de\/index.php?rest_route=\/wp\/v2\/pages\/204"}],"collection":[{"href":"https:\/\/euromin.de\/index.php?rest_route=\/wp\/v2\/pages"}],"about":[{"href":"https:\/\/euromin.de\/index.php?rest_route=\/wp\/v2\/types\/page"}],"author":[{"embeddable":true,"href":"https:\/\/euromin.de\/index.php?rest_route=\/wp\/v2\/users\/1"}],"replies":[{"embeddable":true,"href":"https:\/\/euromin.de\/index.php?rest_route=%2Fwp%2Fv2%2Fcomments&post=204"}],"version-history":[{"count":15,"href":"https:\/\/euromin.de\/index.php?rest_route=\/wp\/v2\/pages\/204\/revisions"}],"predecessor-version":[{"id":547,"href":"https:\/\/euromin.de\/index.php?rest_route=\/wp\/v2\/pages\/204\/revisions\/547"}],"up":[{"embeddable":true,"href":"https:\/\/euromin.de\/index.php?rest_route=\/wp\/v2\/pages\/6"}],"wp:attachment":[{"href":"https:\/\/euromin.de\/index.php?rest_route=%2Fwp%2Fv2%2Fmedia&parent=204"}],"curies":[{"name":"wp","href":"https:\/\/api.w.org\/{rel}","templated":true}]}}