{"id":2,"date":"2014-11-21T04:51:49","date_gmt":"2014-11-21T04:51:49","guid":{"rendered":"http:\/\/localhost\/wordpress-4.0.1\/wordpress\/?page_id=2"},"modified":"2015-07-14T19:36:11","modified_gmt":"2015-07-14T19:36:11","slug":"sample-page","status":"publish","type":"page","link":"https:\/\/euromin.de\/?page_id=2","title":{"rendered":"Aussteller"},"content":{"rendered":"<p style=\"text-align: justify;\">Die Euromin ist die gr\u00f6\u00dfte Schmuck- und Mineralienmesse im S\u00fcdwesten Deutschlands und zieht j\u00e4hrlich tausende Besucher aus Deutschland, Frankreich und der Schweiz an. Wenn Sie sich f\u00fcr eine Teilnahme interessieren oder bereits Aussteller waren: Hier finden Sie alle relevanten Informationen.<\/p>\n<hr \/>\n<p style=\"text-align: justify;\"><span style=\"font-size: 1.4em;\"><strong>Herzlich Willkommen im Ausstellerbereich der Euromin in L\u00f6rrach <\/strong><br \/>\n<\/span><\/p>\n<hr \/>\n<p style=\"text-align: justify;\">Die internationale Schmuck- und Mineralienmesse Euromin in L\u00f6rrach zieht jedes Jahr <strong>tausende Besucher<\/strong> aus der ganzen Welt an und ist besonders bei G\u00e4sten aus dem Drei-L\u00e4nder-Dreick Deutschland\/Frankreich\/Schweiz beliebt. Nutzen Sie die moderne Messehalle mit <strong>3600 m\u00b2<\/strong> <strong>Ausstellungsfl\u00e4che<\/strong>, um Ihre Waren in ihrer vollen Pracht zu pr\u00e4sentieren und um neue Gesch\u00e4ftskontakte zu kn\u00fcpfen bzw. Ihre alten Gesch\u00e4ftskontakte in angenehmer Atmosph\u00e4re zu pflegen.<\/p>\n<p style=\"text-align: justify;\">Eine bis ins Detail organisierte Messe, ein freundliches, hilfsbereites und kompetentes Messeteam sowie ein internationales Publikum erwarten Sie.<\/p>\n<p>&nbsp;<\/p>\n<p><span style=\"text-decoration: underline;\"><span style=\"font-size: 1.6em;\"> <strong>Anmeldung zur Messe <\/strong><\/span><\/span><\/p>\n<p>Um das Anmeldeformular herunterzuladen, klicken Sie bitte hier:<\/p>\n<hr \/>\n<p>&nbsp;<\/p>\n<p><span style=\"text-decoration: underline;\"><span style=\"font-size: 1.6em;\"> <strong>Messe-Service <\/strong><\/span><\/span><\/p>\n<p>Wir m\u00f6chten Ihre Messeteilnahme so angenehm wie m\u00f6glich gestalten und daf\u00fcr sorgen, dass die Euromin f\u00fcr Sie ein voller Erfolg wird. Daf\u00fcr bieten wir Ihnen u.a. folgende Zusatzleistungen:<\/p>\n<ul>\n<li>Hilfe beim Messestandaufbau<\/li>\n<li>\u00dcbersetzungsservice<\/li>\n<li>Unterst\u00fctzung beim Be- und Entladen<\/li>\n<li>&#8230;<\/li>\n<\/ul>\n<p>Kontaktieren Sie uns gerne im Vorfeld &#8211;\u00a0 wir stehen Ihnen jederzeit pers\u00f6nlich zur Verf\u00fcgung.<\/p>\n<hr \/>\n<p>&nbsp;<\/p>\n<p><span style=\"text-decoration: underline;\"><span style=\"font-size: 1.6em;\"> <strong>Unterkunft &amp; \u00dcbernachtung <\/strong><\/span><\/span><\/p>\n<p>F\u00fcr Sie als Aussteller ist exlusiv ein Kontigent im <a href=\"http:\/\/www.impulsiv-loerrach.com\/hotel.html\" target=\"_blank\">benachbarten 3-Sterne-Hotel gehobener Klasse<\/a> (10m Fu\u00dfweg von der Messehalle) reserviert. Bitte sprechen Sie uns bei Interesse rechtzeitig an.<\/p>\n<hr \/>\n<p>&nbsp;<\/p>\n<p><span style=\"text-decoration: underline;\"><span style=\"font-size: 1.6em;\"><strong>Zus\u00e4tzliche \u00d6ffnungszeiten f\u00fcr Aussteller<\/strong><\/span><\/span><\/p>\n<p style=\"text-align: left;\">Neben der regul\u00e4ren \u00d6ffnungszeiten stehen Ihnen als Aussteller folgende Zeitr\u00e4ume zus\u00e4tzlich zur Verf\u00fcgung:<\/p>\n<ul>\n<li style=\"text-align: left;\"><strong>Aufbau<\/strong> am Freitag: 12:00 &#8211; 20:00 Uhr und Samstag: 07:00 &#8211; 10:00 Uhr<\/li>\n<li style=\"text-align: left;\"><strong>Abbau<\/strong> am Sonntag: 18:00 &#8211; 22:00 Uhr und Montag: 09:00 &#8211; 12:00 Uhr<\/li>\n<\/ul>\n<hr \/>\n","protected":false},"excerpt":{"rendered":"<p>Die Euromin ist die gr\u00f6\u00dfte Schmuck- und Mineralienmesse im S\u00fcdwesten Deutschlands und zieht j\u00e4hrlich tausende Besucher aus Deutschland, Frankreich und der Schweiz an. Wenn Sie sich f\u00fcr eine Teilnahme interessieren oder bereits Aussteller waren: Hier finden Sie alle relevanten Informationen.<\/p>\n","protected":false},"author":1,"featured_media":98,"parent":0,"menu_order":1,"comment_status":"open","ping_status":"open","template":"","meta":[],"_links":{"self":[{"href":"https:\/\/euromin.de\/index.php?rest_route=\/wp\/v2\/pages\/2"}],"collection":[{"href":"https:\/\/euromin.de\/index.php?rest_route=\/wp\/v2\/pages"}],"about":[{"href":"https:\/\/euromin.de\/index.php?rest_route=\/wp\/v2\/types\/page"}],"author":[{"embeddable":true,"href":"https:\/\/euromin.de\/index.php?rest_route=\/wp\/v2\/users\/1"}],"replies":[{"embeddable":true,"href":"https:\/\/euromin.de\/index.php?rest_route=%2Fwp%2Fv2%2Fcomments&post=2"}],"version-history":[{"count":36,"href":"https:\/\/euromin.de\/index.php?rest_route=\/wp\/v2\/pages\/2\/revisions"}],"predecessor-version":[{"id":222,"href":"https:\/\/euromin.de\/index.php?rest_route=\/wp\/v2\/pages\/2\/revisions\/222"}],"wp:featuredmedia":[{"embeddable":true,"href":"https:\/\/euromin.de\/index.php?rest_route=\/wp\/v2\/media\/98"}],"wp:attachment":[{"href":"https:\/\/euromin.de\/index.php?rest_route=%2Fwp%2Fv2%2Fmedia&parent=2"}],"curies":[{"name":"wp","href":"https:\/\/api.w.org\/{rel}","templated":true}]}}