{"id":198,"date":"2015-07-14T16:43:33","date_gmt":"2015-07-14T16:43:33","guid":{"rendered":"http:\/\/euromin.de\/?page_id=198"},"modified":"2017-03-05T13:14:43","modified_gmt":"2017-03-05T13:14:43","slug":"oeffnungszeiten-fuer-aussteller","status":"publish","type":"page","link":"https:\/\/euromin.de\/?page_id=198","title":{"rendered":"\u00d6ffnungszeiten Aussteller"},"content":{"rendered":"<p style=\"text-align: left;\">Neben der regul\u00e4ren \u00d6ffnungszeiten stehen Ihnen als Aussteller folgende Zeitr\u00e4ume zus\u00e4tzlich zur Verf\u00fcgung:<a href=\"http:\/\/euromin.de\/wp-content\/uploads\/2015\/07\/open.jpg\"><img loading=\"lazy\" class=\"alignright wp-image-271 size-thumbnail\" src=\"http:\/\/euromin.de\/wp-content\/uploads\/2015\/07\/open-150x147.jpg\" alt=\"\" width=\"150\" height=\"147\" \/><\/a><\/p>\n<ul>\n<li style=\"text-align: left;\"><strong>Aufbau<\/strong> am Freitag: 12:00 &#8211; 20:00 Uhr<\/li>\n<li style=\"text-align: left;\"><strong>Einlass f\u00fcr Aussteller<\/strong> am Samstag ab 07:00 Uhr und<br \/>\nam Sonntag ab 09:00 Uhr<\/li>\n<li style=\"text-align: left;\"><strong>Abbau<\/strong> am Sonntag: 18:00 &#8211; 22:00 Uhr und Montag: 09:00 &#8211; 12:00 Uhr<\/li>\n<\/ul>\n","protected":false},"excerpt":{"rendered":"<p>Neben der regul\u00e4ren \u00d6ffnungszeiten stehen Ihnen als Aussteller folgende Zeitr\u00e4ume zus\u00e4tzlich zur Verf\u00fcgung: Aufbau am Freitag: 12:00 &#8211; 20:00 Uhr Einlass f\u00fcr Aussteller am Samstag ab 07:00 Uhr und am Sonntag ab 09:00 Uhr Abbau am Sonntag: 18:00 &#8211; 22:00<\/p>\n","protected":false},"author":1,"featured_media":0,"parent":2,"menu_order":4,"comment_status":"closed","ping_status":"closed","template":"","meta":[],"_links":{"self":[{"href":"https:\/\/euromin.de\/index.php?rest_route=\/wp\/v2\/pages\/198"}],"collection":[{"href":"https:\/\/euromin.de\/index.php?rest_route=\/wp\/v2\/pages"}],"about":[{"href":"https:\/\/euromin.de\/index.php?rest_route=\/wp\/v2\/types\/page"}],"author":[{"embeddable":true,"href":"https:\/\/euromin.de\/index.php?rest_route=\/wp\/v2\/users\/1"}],"replies":[{"embeddable":true,"href":"https:\/\/euromin.de\/index.php?rest_route=%2Fwp%2Fv2%2Fcomments&post=198"}],"version-history":[{"count":8,"href":"https:\/\/euromin.de\/index.php?rest_route=\/wp\/v2\/pages\/198\/revisions"}],"predecessor-version":[{"id":561,"href":"https:\/\/euromin.de\/index.php?rest_route=\/wp\/v2\/pages\/198\/revisions\/561"}],"up":[{"embeddable":true,"href":"https:\/\/euromin.de\/index.php?rest_route=\/wp\/v2\/pages\/2"}],"wp:attachment":[{"href":"https:\/\/euromin.de\/index.php?rest_route=%2Fwp%2Fv2%2Fmedia&parent=198"}],"curies":[{"name":"wp","href":"https:\/\/api.w.org\/{rel}","templated":true}]}}