{"id":192,"date":"2015-07-14T16:41:11","date_gmt":"2015-07-14T16:41:11","guid":{"rendered":"http:\/\/euromin.de\/?page_id=192"},"modified":"2020-01-02T15:26:02","modified_gmt":"2020-01-02T15:26:02","slug":"anmeldung","status":"publish","type":"page","link":"https:\/\/euromin.de\/?page_id=192","title":{"rendered":"Anmeldung"},"content":{"rendered":"<p style=\"text-align: justify;\">Sehr geehrte Aussteller,<\/p>\n<p style=\"text-align: justify;\">zur Anmeldung f\u00fcr die Mineralienmesse im Jahr <strong><span style=\"color: #ff0000;\">2020<\/span> <\/strong>bitte das <a href=\"http:\/\/euromin.de\/wp-content\/uploads\/2019\/08\/Formular_Anmeldung_Euromin-2020.pdf\" target=\"_blank\" rel=\"noopener noreferrer\">Formular zur Anmeldung herunterladen<\/a>, ausf\u00fcllen und unterschrieben per Fax oder E-Mail zur\u00fcckschicken. Wir freuen uns sehr \u00fcber Ihr Interesse an der <strong>Euromin <span style=\"color: #ff0000;\">2020<\/span><\/strong> und hoffen sehr, Sie als Aussteller auf der kommenden Minerlienmesse begr\u00fc\u00dfen zu d\u00fcrfen.<\/p>\n<p style=\"text-align: justify;\"><a href=\"http:\/\/euromin.de\/wp-content\/uploads\/2019\/08\/Formular_Anmeldung_Euromin-2020.pdf\" target=\"_blank\" rel=\"noopener noreferrer\">Download<\/a><\/p>\n<p style=\"text-align: justify;\"><em><span style=\"color: #ff0000;\">Hinweis<\/span>: Speichern Sie zun\u00e4chst die PDF-Datei auf Ihrem Computer, sodass Sie das PDF digital bearbeiten k\u00f6nnen. Die meisten Browser unterst\u00fctzen diese Funktion nicht.<\/em><\/p>\n\n\n<p><\/p>\n","protected":false},"excerpt":{"rendered":"<p>Sehr geehrte Aussteller, zur Anmeldung f\u00fcr die Mineralienmesse im Jahr 2020 bitte das Formular zur Anmeldung herunterladen, ausf\u00fcllen und unterschrieben per Fax oder E-Mail zur\u00fcckschicken. Wir freuen uns sehr \u00fcber Ihr Interesse an der Euromin 2020 und hoffen sehr, Sie<\/p>\n","protected":false},"author":1,"featured_media":0,"parent":2,"menu_order":1,"comment_status":"closed","ping_status":"closed","template":"","meta":[],"_links":{"self":[{"href":"https:\/\/euromin.de\/index.php?rest_route=\/wp\/v2\/pages\/192"}],"collection":[{"href":"https:\/\/euromin.de\/index.php?rest_route=\/wp\/v2\/pages"}],"about":[{"href":"https:\/\/euromin.de\/index.php?rest_route=\/wp\/v2\/types\/page"}],"author":[{"embeddable":true,"href":"https:\/\/euromin.de\/index.php?rest_route=\/wp\/v2\/users\/1"}],"replies":[{"embeddable":true,"href":"https:\/\/euromin.de\/index.php?rest_route=%2Fwp%2Fv2%2Fcomments&post=192"}],"version-history":[{"count":16,"href":"https:\/\/euromin.de\/index.php?rest_route=\/wp\/v2\/pages\/192\/revisions"}],"predecessor-version":[{"id":647,"href":"https:\/\/euromin.de\/index.php?rest_route=\/wp\/v2\/pages\/192\/revisions\/647"}],"up":[{"embeddable":true,"href":"https:\/\/euromin.de\/index.php?rest_route=\/wp\/v2\/pages\/2"}],"wp:attachment":[{"href":"https:\/\/euromin.de\/index.php?rest_route=%2Fwp%2Fv2%2Fmedia&parent=192"}],"curies":[{"name":"wp","href":"https:\/\/api.w.org\/{rel}","templated":true}]}}